{"id":4113,"date":"2025-09-17T19:26:51","date_gmt":"2025-09-17T19:26:51","guid":{"rendered":"https:\/\/tesmay.com.tr\/?post_type=product&#038;p=4113"},"modified":"2025-09-20T15:48:04","modified_gmt":"2025-09-20T15:48:04","slug":"yuzucu-mayo-8","status":"publish","type":"product","link":"https:\/\/tesmay.com.tr\/?product=yuzucu-mayo-8","title":{"rendered":"Y\u00fcz\u00fcc\u00fc Mayo"},"content":{"rendered":"<p>Suya dayan\u0131kl\u0131 kuma\u015f, h\u0131zl\u0131 kuruyan, su tutmayan ve hafif kaliteli kuma\u015flardan \u00fcretilmi\u015ftir.<br \/>\nA\u011f\u0131rl\u0131k yapmaz, v\u00fccuda yap\u0131\u015fmay\u0131 en aza indirir.<br \/>\nEsnek kuma\u015f yap\u0131s\u0131 sayesinde y\u00fczme, y\u00fcr\u00fcme veya plajda aktivitelerinde konfor sa\u011flar.<br \/>\nSpor tarz, klasik d\u00fcz renk, desenli veya modern tasar\u0131m<br \/>\nRahat Hareket \u0130mkan\u0131, Daralt\u0131c\u0131 ya da a\u015f\u0131r\u0131 bol olmayacak \u015fekilde tasarlan\u0131r.<br \/>\nTuzlu suya ve klora dayan\u0131kl\u0131 \u00f6zel kuma\u015flarla \u00fcretilir.<\/p>\n","protected":false},"excerpt":{"rendered":"<p>24102 Y\u00fcz\u00fcc\u00fc Mayo<\/p>\n","protected":false},"featured_media":4116,"comment_status":"open","ping_status":"closed","template":"","meta":{"om_disable_all_campaigns":false,"_monsterinsights_skip_tracking":false,"_monsterinsights_sitenote_active":false,"_monsterinsights_sitenote_note":"","_monsterinsights_sitenote_category":0},"product_brand":[],"product_cat":[198],"product_tag":[],"class_list":{"0":"post-4113","1":"product","2":"type-product","3":"status-publish","4":"has-post-thumbnail","6":"product_cat-yuzucu-mayo","7":"pa_beden-l","8":"pa_beden-m","9":"pa_beden-s","10":"pa_beden-xl","11":"pa_beden-xxl","12":"pa_model-278","13":"pa_renk-siyah","15":"first","16":"instock","17":"taxable","18":"shipping-taxable","19":"purchasable","20":"product-type-variable"},"_links":{"self":[{"href":"https:\/\/tesmay.com.tr\/index.php?rest_route=\/wp\/v2\/product\/4113","targetHints":{"allow":["GET"]}}],"collection":[{"href":"https:\/\/tesmay.com.tr\/index.php?rest_route=\/wp\/v2\/product"}],"about":[{"href":"https:\/\/tesmay.com.tr\/index.php?rest_route=\/wp\/v2\/types\/product"}],"replies":[{"embeddable":true,"href":"https:\/\/tesmay.com.tr\/index.php?rest_route=%2Fwp%2Fv2%2Fcomments&post=4113"}],"wp:featuredmedia":[{"embeddable":true,"href":"https:\/\/tesmay.com.tr\/index.php?rest_route=\/wp\/v2\/media\/4116"}],"wp:attachment":[{"href":"https:\/\/tesmay.com.tr\/index.php?rest_route=%2Fwp%2Fv2%2Fmedia&parent=4113"}],"wp:term":[{"taxonomy":"product_brand","embeddable":true,"href":"https:\/\/tesmay.com.tr\/index.php?rest_route=%2Fwp%2Fv2%2Fproduct_brand&post=4113"},{"taxonomy":"product_cat","embeddable":true,"href":"https:\/\/tesmay.com.tr\/index.php?rest_route=%2Fwp%2Fv2%2Fproduct_cat&post=4113"},{"taxonomy":"product_tag","embeddable":true,"href":"https:\/\/tesmay.com.tr\/index.php?rest_route=%2Fwp%2Fv2%2Fproduct_tag&post=4113"}],"curies":[{"name":"wp","href":"https:\/\/api.w.org\/{rel}","templated":true}]}}