{"id":3627,"date":"2025-09-14T08:07:23","date_gmt":"2025-09-14T08:07:23","guid":{"rendered":"https:\/\/tesmay.com.tr\/?post_type=product&#038;p=3627"},"modified":"2025-09-14T08:08:56","modified_gmt":"2025-09-14T08:08:56","slug":"canta","status":"publish","type":"product","link":"https:\/\/tesmay.com.tr\/?product=canta","title":{"rendered":"\u00c7anta"},"content":{"rendered":"<p>Malzeme: Suya dayan\u0131kl\u0131, kolay temizlenebilir, Kum tutmayan kuma\u015f.<br \/>\nBoyut: Havlu, g\u00fcne\u015f kremi, \u015fapka, kitap, terlik gibi e\u015fyalar\u0131 alabilecek geni\u015flikte.<br \/>\nB\u00f6lmeler: \u0130\u00e7 ve d\u0131\u015f cepler, fermuarl\u0131 g\u00f6zler; \u0131slak ve kuru e\u015fyalar\u0131 ay\u0131rma imk\u00e2n\u0131.<br \/>\nTa\u015f\u0131ma Kolayl\u0131\u011f\u0131: Rahat omuz ask\u0131lar\u0131, hafif ve dayan\u0131kl\u0131 yap\u0131.<br \/>\nTasar\u0131m: Yazl\u0131k ve renkli desenler, \u015f\u0131k ve sportif modeller.<br \/>\nDayan\u0131kl\u0131l\u0131k: Kaliteli diki\u015f ve sa\u011flam fermuar\/kapama sistemi.<\/p>\n","protected":false},"excerpt":{"rendered":"<p>\u00c7anta Modelleri: C026, C027, C028, C029<\/p>\n","protected":false},"featured_media":3631,"comment_status":"open","ping_status":"closed","template":"","meta":{"om_disable_all_campaigns":false,"_monsterinsights_skip_tracking":false,"_monsterinsights_sitenote_active":false,"_monsterinsights_sitenote_note":"","_monsterinsights_sitenote_category":0},"product_brand":[],"product_cat":[218],"product_tag":[],"class_list":{"0":"post-3627","1":"product","2":"type-product","3":"status-publish","4":"has-post-thumbnail","6":"product_cat-canta","8":"first","9":"instock","10":"taxable","11":"shipping-taxable","12":"purchasable","13":"product-type-variable"},"_links":{"self":[{"href":"https:\/\/tesmay.com.tr\/index.php?rest_route=\/wp\/v2\/product\/3627","targetHints":{"allow":["GET"]}}],"collection":[{"href":"https:\/\/tesmay.com.tr\/index.php?rest_route=\/wp\/v2\/product"}],"about":[{"href":"https:\/\/tesmay.com.tr\/index.php?rest_route=\/wp\/v2\/types\/product"}],"replies":[{"embeddable":true,"href":"https:\/\/tesmay.com.tr\/index.php?rest_route=%2Fwp%2Fv2%2Fcomments&post=3627"}],"wp:featuredmedia":[{"embeddable":true,"href":"https:\/\/tesmay.com.tr\/index.php?rest_route=\/wp\/v2\/media\/3631"}],"wp:attachment":[{"href":"https:\/\/tesmay.com.tr\/index.php?rest_route=%2Fwp%2Fv2%2Fmedia&parent=3627"}],"wp:term":[{"taxonomy":"product_brand","embeddable":true,"href":"https:\/\/tesmay.com.tr\/index.php?rest_route=%2Fwp%2Fv2%2Fproduct_brand&post=3627"},{"taxonomy":"product_cat","embeddable":true,"href":"https:\/\/tesmay.com.tr\/index.php?rest_route=%2Fwp%2Fv2%2Fproduct_cat&post=3627"},{"taxonomy":"product_tag","embeddable":true,"href":"https:\/\/tesmay.com.tr\/index.php?rest_route=%2Fwp%2Fv2%2Fproduct_tag&post=3627"}],"curies":[{"name":"wp","href":"https:\/\/api.w.org\/{rel}","templated":true}]}}