{"id":3747,"date":"2025-09-15T10:59:54","date_gmt":"2025-09-15T10:59:54","guid":{"rendered":"https:\/\/tesmay.com.tr\/?page_id=3747"},"modified":"2025-09-15T10:59:56","modified_gmt":"2025-09-15T10:59:56","slug":"hakkimizda","status":"publish","type":"page","link":"https:\/\/tesmay.com.tr\/?page_id=3747","title":{"rendered":"Hakk\u0131m\u0131zda"},"content":{"rendered":"\n<div class=\"wp-block-stackable-text stk-block-text stk-block stk-eba3ad3\" data-block-id=\"eba3ad3\"><p class=\"stk-block-text__text\"><strong>Tesett\u00fcr de Moda, Moda Tesmay<\/strong><\/p><\/div>\n\n\n\n<div class=\"wp-block-stackable-text stk-block-text stk-block stk-41830b9\" data-block-id=\"41830b9\"><p class=\"stk-block-text__text\">Bilgi birikimi ve deneyimli ge\u00e7mi\u015fiyle en iyi \u00fcr\u00fcn kalitesini sunmak ve y\u00fcksek m\u00fc\u015fteri beklentilerini kar\u015f\u0131lamak \u00fczere 1974 y\u0131l\u0131nda renk, model, desen zenginli\u011fi, \u00fcretim ve tasar\u0131m anlay\u0131\u015f\u0131 ile bay \u2013 bayan ve \u00e7ocu\u011fa y\u00f6nelik haz\u0131rlad\u0131\u011f\u0131 koleksiyonlar ile trikodan tesett\u00fcr mayoya uzanan geni\u015f \u00fcr\u00fcn yelpazesine sahip olan SERTOK Tekstil Tesmay\u00a0 markal\u0131 tesett\u00fcr mayo koleksiyonunu m\u00fc\u015fterilerinin be\u011fenisine sundu.<\/p><\/div>\n\n\n\n<div class=\"wp-block-stackable-text stk-block-text stk-block stk-692123a\" data-block-id=\"692123a\"><p class=\"stk-block-text__text\">T\u00fcrkiye genelinde ve yurt d\u0131\u015f\u0131nda ilgi g\u00f6ren \u00fcr\u00fcnleriyle her ge\u00e7en g\u00fcn de\u011fi\u015fen ve geli\u015fen trendleri yak\u0131ndan takip eden SERTOK Tekstil, etik de\u011ferlere ba\u011fl\u0131l\u0131\u011f\u0131, \u00e7a\u011fda\u015f bir platformda y\u00fcr\u00fctt\u00fc\u011f\u00fc pazarlama faaliyetleri ve m\u00fc\u015fteri memnuniyetini garantileyen istikrarl\u0131 sat\u0131\u015f ve sat\u0131\u015f sonras\u0131 hizmetleri ile sekt\u00f6r\u00fcn de \u00f6nemli bir yer edinmi\u015ftir.<\/p><\/div>\n\n\n\n<div class=\"wp-block-stackable-text stk-block-text stk-block stk-4fe3730\" data-block-id=\"4fe3730\"><p class=\"stk-block-text__text\"><strong>Kalite Politikam\u0131z<\/strong><\/p><\/div>\n\n\n\n<div class=\"wp-block-stackable-text stk-block-text stk-block stk-4adfb52\" data-block-id=\"4adfb52\"><p class=\"stk-block-text__text\">SERTOK Tekstil ailesi olarak 1974 y\u0131l\u0131ndan bug\u00fcne kadar her ko\u015fulda m\u00fc\u015fteri memnuniyetini sa\u011flamaya \u00e7al\u0131\u015fan firmam\u0131z geli\u015fen trendleri ve sosyal de\u011fi\u015fimleri takip ederek, her zaman daha iyisini hedeflemektedir.<\/p><\/div>\n\n\n\n<div class=\"wp-block-stackable-text stk-block-text stk-block stk-e9691c8\" data-block-id=\"e9691c8\"><p class=\"stk-block-text__text\"><strong>Misyonumuz<\/strong><\/p><\/div>\n\n\n\n<div class=\"wp-block-stackable-text stk-block-text stk-block stk-f9a4a84\" data-block-id=\"f9a4a84\"><p class=\"stk-block-text__text\">SERTOK Tekstil olarak temel de\u011ferlerimizden \u00f6d\u00fcn vermeden, g\u00fc\u00e7l\u00fc bilgi birikimimizi teknoloji ile birle\u015ftirip, beklentilerin \u00fczerinde, kaliteli ve farkl\u0131 modeller sunarak marka imaj\u0131m\u0131z\u0131 geli\u015ftirmektir.<\/p><\/div>\n\n\n\n<div class=\"wp-block-stackable-text stk-block-text stk-block stk-d496f85\" data-block-id=\"d496f85\"><p class=\"stk-block-text__text\"><strong>Vizyonumuz<\/strong><\/p><\/div>\n\n\n\n<div class=\"wp-block-stackable-text stk-block-text stk-block stk-387cbe4\" data-block-id=\"387cbe4\"><p class=\"stk-block-text__text\">G\u00fcc\u00fcn\u00fc tak\u0131m \u00e7al\u0131\u015fmas\u0131ndan alan firmam\u0131z \u00fcretti\u011fi her \u00fcr\u00fcn\u00fc, gelenek\u00e7i, h\u0131zl\u0131 ve kaliteli hizmet anlay\u0131\u015f\u0131 ile m\u00fc\u015fterisine sunarak, ulusal ve uluslararas\u0131 alanda takip edilen ve sekt\u00f6re y\u00f6n veren lider bir firma olmay\u0131 ama\u00e7lamaktad\u0131r.<\/p><\/div>\n","protected":false},"excerpt":{"rendered":"<p>Tesett\u00fcr de Moda, Moda Tesmay Bilgi birikimi ve deneyimli ge\u00e7mi\u015fiyle en iyi \u00fcr\u00fcn kalitesini sunmak ve y\u00fcksek m\u00fc\u015fteri beklentilerini kar\u015f\u0131lamak&hellip;<\/p>\n","protected":false},"author":1,"featured_media":0,"parent":0,"menu_order":0,"comment_status":"closed","ping_status":"closed","template":"","meta":{"om_disable_all_campaigns":false,"_monsterinsights_skip_tracking":false,"_monsterinsights_sitenote_active":false,"_monsterinsights_sitenote_note":"","_monsterinsights_sitenote_category":0,"footnotes":""},"class_list":["post-3747","page","type-page","status-publish","hentry"],"_links":{"self":[{"href":"https:\/\/tesmay.com.tr\/index.php?rest_route=\/wp\/v2\/pages\/3747","targetHints":{"allow":["GET"]}}],"collection":[{"href":"https:\/\/tesmay.com.tr\/index.php?rest_route=\/wp\/v2\/pages"}],"about":[{"href":"https:\/\/tesmay.com.tr\/index.php?rest_route=\/wp\/v2\/types\/page"}],"author":[{"embeddable":true,"href":"https:\/\/tesmay.com.tr\/index.php?rest_route=\/wp\/v2\/users\/1"}],"replies":[{"embeddable":true,"href":"https:\/\/tesmay.com.tr\/index.php?rest_route=%2Fwp%2Fv2%2Fcomments&post=3747"}],"version-history":[{"count":1,"href":"https:\/\/tesmay.com.tr\/index.php?rest_route=\/wp\/v2\/pages\/3747\/revisions"}],"predecessor-version":[{"id":3748,"href":"https:\/\/tesmay.com.tr\/index.php?rest_route=\/wp\/v2\/pages\/3747\/revisions\/3748"}],"wp:attachment":[{"href":"https:\/\/tesmay.com.tr\/index.php?rest_route=%2Fwp%2Fv2%2Fmedia&parent=3747"}],"curies":[{"name":"wp","href":"https:\/\/api.w.org\/{rel}","templated":true}]}}